{"id":1088,"date":"2026-03-18T18:30:45","date_gmt":"2026-03-18T17:30:45","guid":{"rendered":"https:\/\/hotel.tribalt.agency\/?page_id=1088"},"modified":"2026-03-23T11:38:45","modified_gmt":"2026-03-23T10:38:45","slug":"direction-a-prendre","status":"publish","type":"page","link":"https:\/\/hotel.tribalt.agency\/index.php\/fr\/contact-2\/direction-a-prendre\/","title":{"rendered":"Direction \u00e0 prendre"},"content":{"rendered":"\t\t<div data-elementor-type=\"wp-page\" data-elementor-id=\"1088\" class=\"elementor elementor-1088\" data-elementor-post-type=\"page\">\n\t\t\t\t<div class=\"elementor-element elementor-element-3b117ef1 e-flex e-con-boxed e-con e-parent\" data-id=\"3b117ef1\" data-element_type=\"container\" data-e-type=\"container\">\n\t\t\t\t\t<div class=\"e-con-inner\">\n\t\t\t\t<div class=\"elementor-element elementor-element-dd5623f elementor-widget elementor-widget-image\" data-id=\"dd5623f\" data-element_type=\"widget\" data-e-type=\"widget\" data-widget_type=\"image.default\">\n\t\t\t\t\t\t\t\t\t\t\t\t\t\t\t<img fetchpriority=\"high\" decoding=\"async\" width=\"800\" height=\"536\" src=\"https:\/\/hotel.tribalt.agency\/wp-content\/uploads\/2026\/03\/direction-aprendre-1024x686.png\" class=\"attachment-large size-large wp-image-1091\" alt=\"\" srcset=\"https:\/\/hotel.tribalt.agency\/wp-content\/uploads\/2026\/03\/direction-aprendre-1024x686.png 1024w, https:\/\/hotel.tribalt.agency\/wp-content\/uploads\/2026\/03\/direction-aprendre-300x201.png 300w, https:\/\/hotel.tribalt.agency\/wp-content\/uploads\/2026\/03\/direction-aprendre-768x514.png 768w, https:\/\/hotel.tribalt.agency\/wp-content\/uploads\/2026\/03\/direction-aprendre-1536x1028.png 1536w, https:\/\/hotel.tribalt.agency\/wp-content\/uploads\/2026\/03\/direction-aprendre.png 1915w\" sizes=\"(max-width: 800px) 100vw, 800px\" \/>\t\t\t\t\t\t\t\t\t\t\t\t\t\t\t<\/div>\n\t\t\t\t\t<\/div>\n\t\t\t\t<\/div>\n\t\t<div class=\"elementor-element elementor-element-2880935f e-flex e-con-boxed e-con e-parent\" data-id=\"2880935f\" data-element_type=\"container\" data-e-type=\"container\">\n\t\t\t\t\t<div class=\"e-con-inner\">\n\t\t\t\t<div class=\"elementor-element elementor-element-7e87ce91 elementor-widget elementor-widget-heading\" data-id=\"7e87ce91\" data-element_type=\"widget\" data-e-type=\"widget\" data-widget_type=\"heading.default\">\n\t\t\t\t\t<h2 class=\"elementor-heading-title elementor-size-default\">Direction \u00e0 prendre<\/h2>\t\t\t\t<\/div>\n\t\t\t\t\t<\/div>\n\t\t\t\t<\/div>\n\t\t<div class=\"elementor-element elementor-element-7fe53fc7 e-flex e-con-boxed e-con e-parent\" data-id=\"7fe53fc7\" data-element_type=\"container\" data-e-type=\"container\">\n\t\t\t\t\t<div class=\"e-con-inner\">\n\t\t<div class=\"elementor-element elementor-element-3e09a3f4 e-con-full e-flex e-con e-child\" data-id=\"3e09a3f4\" data-element_type=\"container\" data-e-type=\"container\">\n\t\t\t\t<div class=\"elementor-element elementor-element-41abc080 elementor-widget elementor-widget-image\" data-id=\"41abc080\" data-element_type=\"widget\" data-e-type=\"widget\" data-widget_type=\"image.default\">\n\t\t\t\t\t\t\t\t\t\t\t\t\t\t\t<img decoding=\"async\" width=\"488\" height=\"486\" src=\"https:\/\/hotel.tribalt.agency\/wp-content\/uploads\/2026\/03\/direction-a-prendre.png\" class=\"attachment-large size-large wp-image-1092\" alt=\"\" srcset=\"https:\/\/hotel.tribalt.agency\/wp-content\/uploads\/2026\/03\/direction-a-prendre.png 488w, https:\/\/hotel.tribalt.agency\/wp-content\/uploads\/2026\/03\/direction-a-prendre-300x300.png 300w, https:\/\/hotel.tribalt.agency\/wp-content\/uploads\/2026\/03\/direction-a-prendre-150x150.png 150w\" sizes=\"(max-width: 488px) 100vw, 488px\" \/>\t\t\t\t\t\t\t\t\t\t\t\t\t\t\t<\/div>\n\t\t\t\t<div class=\"elementor-element elementor-element-2154940 elementor-mobile-align-center elementor-widget elementor-widget-button\" data-id=\"2154940\" data-element_type=\"widget\" data-e-type=\"widget\" data-widget_type=\"button.default\">\n\t\t\t\t\t\t\t\t\t\t<a class=\"elementor-button elementor-button-link elementor-size-sm\" href=\"https:\/\/hotel.tribalt.agency\/index.php\/contact-2\/\">\n\t\t\t\t\t\t<span class=\"elementor-button-content-wrapper\">\n\t\t\t\t\t\t\t\t\t<span class=\"elementor-button-text\">Retour<\/span>\n\t\t\t\t\t<\/span>\n\t\t\t\t\t<\/a>\n\t\t\t\t\t\t\t\t<\/div>\n\t\t\t\t<\/div>\n\t\t<div class=\"elementor-element elementor-element-44ce7a84 e-con-full e-flex e-con e-child\" data-id=\"44ce7a84\" data-element_type=\"container\" data-e-type=\"container\">\n\t\t\t\t<div class=\"elementor-element elementor-element-f4358b6 elementor-widget elementor-widget-text-editor\" data-id=\"f4358b6\" data-element_type=\"widget\" data-e-type=\"widget\" data-widget_type=\"text-editor.default\">\n\t\t\t\t\t\t\t\t\t<p>Notre adresse: 96 chemin de la soude, 13009 Marseille<\/p><p>T\u00e9l. +33 (0) 4 91 71 90 22<\/p><p>@:\u00a0<a href=\"mailto:contact@hotel96.com\">contact@hotel96.com<\/a><\/p><p>Proche du village de Mazargues, dans le sud de Marseille, entre les calanqes de Sormiou et Morgiou.<\/p><p>\u00a0<\/p><p>Pour arriver \u00e0 l\u2019h\u00f4tel plus facilement, \u00e9coutez les conseils des locaux et t\u00e9l\u00e9chargez l\u2019itin\u00e9raire PDF de l\u2019H\u00f4tel 96 pour vous laisser guider.<\/p>\t\t\t\t\t\t\t\t<\/div>\n\t\t\t\t<div class=\"elementor-element elementor-element-5e5415fb elementor-mobile-align-center elementor-widget elementor-widget-button\" data-id=\"5e5415fb\" data-element_type=\"widget\" data-e-type=\"widget\" data-widget_type=\"button.default\">\n\t\t\t\t\t\t\t\t\t\t<a class=\"elementor-button elementor-button-link elementor-size-sm\" href=\"https:\/\/hotel.tribalt.agency\/wp-content\/uploads\/2026\/03\/hotel96-direction-a-prendre.pdf\" target=\"_blank\">\n\t\t\t\t\t\t<span class=\"elementor-button-content-wrapper\">\n\t\t\t\t\t\t\t\t\t<span class=\"elementor-button-text\">Cliquer ici <\/span>\n\t\t\t\t\t<\/span>\n\t\t\t\t\t<\/a>\n\t\t\t\t\t\t\t\t<\/div>\n\t\t\t\t<\/div>\n\t\t\t\t\t<\/div>\n\t\t\t\t<\/div>\n\t\t\t\t<\/div>\n\t\t","protected":false},"excerpt":{"rendered":"<p>Direction \u00e0 prendre Retour Notre adresse: 96 chemin de la soude, 13009 Marseille T\u00e9l. +33 (0) 4 91 71 90 22 @:\u00a0contact@hotel96.com Proche du village de Mazargues, dans le sud de Marseille, entre les calanqes de Sormiou et Morgiou. \u00a0 Pour arriver \u00e0 l\u2019h\u00f4tel plus facilement, \u00e9coutez les conseils des locaux et t\u00e9l\u00e9chargez l\u2019itin\u00e9raire PDF [&hellip;]<\/p>\n","protected":false},"author":1,"featured_media":0,"parent":91,"menu_order":0,"comment_status":"closed","ping_status":"closed","template":"","meta":{"footnotes":""},"class_list":["post-1088","page","type-page","status-publish","hentry"],"_links":{"self":[{"href":"https:\/\/hotel.tribalt.agency\/index.php\/wp-json\/wp\/v2\/pages\/1088","targetHints":{"allow":["GET"]}}],"collection":[{"href":"https:\/\/hotel.tribalt.agency\/index.php\/wp-json\/wp\/v2\/pages"}],"about":[{"href":"https:\/\/hotel.tribalt.agency\/index.php\/wp-json\/wp\/v2\/types\/page"}],"author":[{"embeddable":true,"href":"https:\/\/hotel.tribalt.agency\/index.php\/wp-json\/wp\/v2\/users\/1"}],"replies":[{"embeddable":true,"href":"https:\/\/hotel.tribalt.agency\/index.php\/wp-json\/wp\/v2\/comments?post=1088"}],"version-history":[{"count":7,"href":"https:\/\/hotel.tribalt.agency\/index.php\/wp-json\/wp\/v2\/pages\/1088\/revisions"}],"predecessor-version":[{"id":1366,"href":"https:\/\/hotel.tribalt.agency\/index.php\/wp-json\/wp\/v2\/pages\/1088\/revisions\/1366"}],"up":[{"embeddable":true,"href":"https:\/\/hotel.tribalt.agency\/index.php\/wp-json\/wp\/v2\/pages\/91"}],"wp:attachment":[{"href":"https:\/\/hotel.tribalt.agency\/index.php\/wp-json\/wp\/v2\/media?parent=1088"}],"curies":[{"name":"wp","href":"https:\/\/api.w.org\/{rel}","templated":true}]}}