{"id":1963,"date":"2026-04-02T11:05:48","date_gmt":"2026-04-02T09:05:48","guid":{"rendered":"https:\/\/hotel.tribalt.agency\/?page_id=1963"},"modified":"2026-04-02T11:08:18","modified_gmt":"2026-04-02T09:08:18","slug":"nuestra-guia-de-supervivencia-room-directory","status":"publish","type":"page","link":"https:\/\/hotel.tribalt.agency\/index.php\/es\/contacto\/nuestra-guia-de-supervivencia-room-directory\/","title":{"rendered":"Nuestra gu\u00eda de supervivencia \u2013 Room Directory"},"content":{"rendered":"\t\t<div data-elementor-type=\"wp-page\" data-elementor-id=\"1963\" class=\"elementor elementor-1963\" data-elementor-post-type=\"page\">\n\t\t\t\t<div class=\"elementor-element elementor-element-6c88d8d9 e-flex e-con-boxed e-con e-parent\" data-id=\"6c88d8d9\" data-element_type=\"container\" data-e-type=\"container\">\n\t\t\t\t\t<div class=\"e-con-inner\">\n\t\t\t\t<div class=\"elementor-element elementor-element-3f147f8d elementor-widget elementor-widget-image\" data-id=\"3f147f8d\" data-element_type=\"widget\" data-e-type=\"widget\" data-widget_type=\"image.default\">\n\t\t\t\t\t\t\t\t\t\t\t\t\t\t\t<img fetchpriority=\"high\" decoding=\"async\" width=\"800\" height=\"470\" src=\"https:\/\/hotel.tribalt.agency\/wp-content\/uploads\/2026\/03\/survival-guide-1024x602.png\" class=\"attachment-large size-large wp-image-1103\" alt=\"\" srcset=\"https:\/\/hotel.tribalt.agency\/wp-content\/uploads\/2026\/03\/survival-guide-1024x602.png 1024w, https:\/\/hotel.tribalt.agency\/wp-content\/uploads\/2026\/03\/survival-guide-300x176.png 300w, https:\/\/hotel.tribalt.agency\/wp-content\/uploads\/2026\/03\/survival-guide-768x451.png 768w, https:\/\/hotel.tribalt.agency\/wp-content\/uploads\/2026\/03\/survival-guide-1536x903.png 1536w, https:\/\/hotel.tribalt.agency\/wp-content\/uploads\/2026\/03\/survival-guide-2048x1204.png 2048w\" sizes=\"(max-width: 800px) 100vw, 800px\" \/>\t\t\t\t\t\t\t\t\t\t\t\t\t\t\t<\/div>\n\t\t\t\t\t<\/div>\n\t\t\t\t<\/div>\n\t\t<div class=\"elementor-element elementor-element-3aeab9b2 e-flex e-con-boxed e-con e-parent\" data-id=\"3aeab9b2\" data-element_type=\"container\" data-e-type=\"container\">\n\t\t\t\t\t<div class=\"e-con-inner\">\n\t\t\t\t<div class=\"elementor-element elementor-element-6e44b5f5 elementor-widget elementor-widget-heading\" data-id=\"6e44b5f5\" data-element_type=\"widget\" data-e-type=\"widget\" data-widget_type=\"heading.default\">\n\t\t\t\t\t<h2 class=\"elementor-heading-title elementor-size-default\">Nuestra gu\u00eda de supervivencia \u2013 Room Directory<\/h2>\t\t\t\t<\/div>\n\t\t\t\t\t<\/div>\n\t\t\t\t<\/div>\n\t\t<div class=\"elementor-element elementor-element-77ff71c9 e-flex e-con-boxed e-con e-parent\" data-id=\"77ff71c9\" data-element_type=\"container\" data-e-type=\"container\">\n\t\t\t\t\t<div class=\"e-con-inner\">\n\t\t<div class=\"elementor-element elementor-element-6d442f9 e-con-full e-flex e-con e-child\" data-id=\"6d442f9\" data-element_type=\"container\" data-e-type=\"container\">\n\t\t\t\t<div class=\"elementor-element elementor-element-632d557f elementor-widget elementor-widget-image\" data-id=\"632d557f\" data-element_type=\"widget\" data-e-type=\"widget\" data-widget_type=\"image.default\">\n\t\t\t\t\t\t\t\t\t\t\t\t\t\t\t<img decoding=\"async\" width=\"800\" height=\"796\" src=\"https:\/\/hotel.tribalt.agency\/wp-content\/uploads\/2026\/03\/potager.jpg\" class=\"attachment-large size-large wp-image-876\" alt=\"\" srcset=\"https:\/\/hotel.tribalt.agency\/wp-content\/uploads\/2026\/03\/potager.jpg 997w, https:\/\/hotel.tribalt.agency\/wp-content\/uploads\/2026\/03\/potager-300x298.jpg 300w, https:\/\/hotel.tribalt.agency\/wp-content\/uploads\/2026\/03\/potager-150x150.jpg 150w, https:\/\/hotel.tribalt.agency\/wp-content\/uploads\/2026\/03\/potager-768x764.jpg 768w\" sizes=\"(max-width: 800px) 100vw, 800px\" \/>\t\t\t\t\t\t\t\t\t\t\t\t\t\t\t<\/div>\n\t\t\t\t<div class=\"elementor-element elementor-element-fbb9c75 elementor-mobile-align-center elementor-widget elementor-widget-button\" data-id=\"fbb9c75\" data-element_type=\"widget\" data-e-type=\"widget\" data-widget_type=\"button.default\">\n\t\t\t\t\t\t\t\t\t\t<a class=\"elementor-button elementor-button-link elementor-size-sm\" href=\"https:\/\/hotel.tribalt.agency\/index.php\/es\/contacto\/\">\n\t\t\t\t\t\t<span class=\"elementor-button-content-wrapper\">\n\t\t\t\t\t\t\t\t\t<span class=\"elementor-button-text\">Atr\u00e1s<\/span>\n\t\t\t\t\t<\/span>\n\t\t\t\t\t<\/a>\n\t\t\t\t\t\t\t\t<\/div>\n\t\t\t\t<\/div>\n\t\t<div class=\"elementor-element elementor-element-40abeb58 e-con-full e-flex e-con e-child\" data-id=\"40abeb58\" data-element_type=\"container\" data-e-type=\"container\">\n\t\t\t\t<div class=\"elementor-element elementor-element-7f0ee03f elementor-widget elementor-widget-text-editor\" data-id=\"7f0ee03f\" data-element_type=\"widget\" data-e-type=\"widget\" data-widget_type=\"text-editor.default\">\n\t\t\t\t\t\t\t\t\t<p>Toda la informaci\u00f3n que necesita sobre el Hotel 96 se encuentra en esta gu\u00eda.<\/p><p>Est\u00e1 disponible en su habitaci\u00f3n, sobre el escritorio, o:<\/p>\t\t\t\t\t\t\t\t<\/div>\n\t\t\t\t<div class=\"elementor-element elementor-element-2e899b2f elementor-mobile-align-center elementor-widget elementor-widget-button\" data-id=\"2e899b2f\" data-element_type=\"widget\" data-e-type=\"widget\" data-widget_type=\"button.default\">\n\t\t\t\t\t\t\t\t\t\t<a class=\"elementor-button elementor-button-link elementor-size-sm\" href=\"https:\/\/hotel.tribalt.agency\/wp-content\/uploads\/2026\/03\/RoomDirectory.pdf\" target=\"_blank\">\n\t\t\t\t\t\t<span class=\"elementor-button-content-wrapper\">\n\t\t\t\t\t\t\t\t\t<span class=\"elementor-button-text\">Haz clic aqu\u00ed<\/span>\n\t\t\t\t\t<\/span>\n\t\t\t\t\t<\/a>\n\t\t\t\t\t\t\t\t<\/div>\n\t\t\t\t<\/div>\n\t\t\t\t\t<\/div>\n\t\t\t\t<\/div>\n\t\t\t\t<\/div>\n\t\t","protected":false},"excerpt":{"rendered":"<p>Nuestra gu\u00eda de supervivencia \u2013 Room Directory Atr\u00e1s Toda la informaci\u00f3n que necesita sobre el Hotel 96 se encuentra en esta gu\u00eda. Est\u00e1 disponible en su habitaci\u00f3n, sobre el escritorio, o: Haz clic aqu\u00ed<\/p>\n","protected":false},"author":1,"featured_media":0,"parent":1940,"menu_order":0,"comment_status":"closed","ping_status":"closed","template":"","meta":{"footnotes":""},"class_list":["post-1963","page","type-page","status-publish","hentry"],"_links":{"self":[{"href":"https:\/\/hotel.tribalt.agency\/index.php\/wp-json\/wp\/v2\/pages\/1963","targetHints":{"allow":["GET"]}}],"collection":[{"href":"https:\/\/hotel.tribalt.agency\/index.php\/wp-json\/wp\/v2\/pages"}],"about":[{"href":"https:\/\/hotel.tribalt.agency\/index.php\/wp-json\/wp\/v2\/types\/page"}],"author":[{"embeddable":true,"href":"https:\/\/hotel.tribalt.agency\/index.php\/wp-json\/wp\/v2\/users\/1"}],"replies":[{"embeddable":true,"href":"https:\/\/hotel.tribalt.agency\/index.php\/wp-json\/wp\/v2\/comments?post=1963"}],"version-history":[{"count":4,"href":"https:\/\/hotel.tribalt.agency\/index.php\/wp-json\/wp\/v2\/pages\/1963\/revisions"}],"predecessor-version":[{"id":1971,"href":"https:\/\/hotel.tribalt.agency\/index.php\/wp-json\/wp\/v2\/pages\/1963\/revisions\/1971"}],"up":[{"embeddable":true,"href":"https:\/\/hotel.tribalt.agency\/index.php\/wp-json\/wp\/v2\/pages\/1940"}],"wp:attachment":[{"href":"https:\/\/hotel.tribalt.agency\/index.php\/wp-json\/wp\/v2\/media?parent=1963"}],"curies":[{"name":"wp","href":"https:\/\/api.w.org\/{rel}","templated":true}]}}