{"id":1975,"date":"2026-04-02T11:10:26","date_gmt":"2026-04-02T09:10:26","guid":{"rendered":"https:\/\/hotel.tribalt.agency\/?page_id=1975"},"modified":"2026-04-02T11:12:25","modified_gmt":"2026-04-02T09:12:25","slug":"como-llegar","status":"publish","type":"page","link":"https:\/\/hotel.tribalt.agency\/index.php\/es\/contacto\/como-llegar\/","title":{"rendered":"C\u00f3mo llegar"},"content":{"rendered":"\t\t<div data-elementor-type=\"wp-page\" data-elementor-id=\"1975\" class=\"elementor elementor-1975\" data-elementor-post-type=\"page\">\n\t\t\t\t<div class=\"elementor-element elementor-element-3b117ef1 e-flex e-con-boxed e-con e-parent\" data-id=\"3b117ef1\" data-element_type=\"container\" data-e-type=\"container\">\n\t\t\t\t\t<div class=\"e-con-inner\">\n\t\t\t\t<div class=\"elementor-element elementor-element-dd5623f elementor-widget elementor-widget-image\" data-id=\"dd5623f\" data-element_type=\"widget\" data-e-type=\"widget\" data-widget_type=\"image.default\">\n\t\t\t\t\t\t\t\t\t\t\t\t\t\t\t<img fetchpriority=\"high\" decoding=\"async\" width=\"800\" height=\"536\" src=\"https:\/\/hotel.tribalt.agency\/wp-content\/uploads\/2026\/03\/direction-aprendre-1024x686.png\" class=\"attachment-large size-large wp-image-1091\" alt=\"\" srcset=\"https:\/\/hotel.tribalt.agency\/wp-content\/uploads\/2026\/03\/direction-aprendre-1024x686.png 1024w, https:\/\/hotel.tribalt.agency\/wp-content\/uploads\/2026\/03\/direction-aprendre-300x201.png 300w, https:\/\/hotel.tribalt.agency\/wp-content\/uploads\/2026\/03\/direction-aprendre-768x514.png 768w, https:\/\/hotel.tribalt.agency\/wp-content\/uploads\/2026\/03\/direction-aprendre-1536x1028.png 1536w, https:\/\/hotel.tribalt.agency\/wp-content\/uploads\/2026\/03\/direction-aprendre.png 1915w\" sizes=\"(max-width: 800px) 100vw, 800px\" \/>\t\t\t\t\t\t\t\t\t\t\t\t\t\t\t<\/div>\n\t\t\t\t\t<\/div>\n\t\t\t\t<\/div>\n\t\t<div class=\"elementor-element elementor-element-2880935f e-flex e-con-boxed e-con e-parent\" data-id=\"2880935f\" data-element_type=\"container\" data-e-type=\"container\">\n\t\t\t\t\t<div class=\"e-con-inner\">\n\t\t\t\t<div class=\"elementor-element elementor-element-7e87ce91 elementor-widget elementor-widget-heading\" data-id=\"7e87ce91\" data-element_type=\"widget\" data-e-type=\"widget\" data-widget_type=\"heading.default\">\n\t\t\t\t\t<h2 class=\"elementor-heading-title elementor-size-default\">C\u00f3mo llegar<\/h2>\t\t\t\t<\/div>\n\t\t\t\t\t<\/div>\n\t\t\t\t<\/div>\n\t\t<div class=\"elementor-element elementor-element-7fe53fc7 e-flex e-con-boxed e-con e-parent\" data-id=\"7fe53fc7\" data-element_type=\"container\" data-e-type=\"container\">\n\t\t\t\t\t<div class=\"e-con-inner\">\n\t\t<div class=\"elementor-element elementor-element-3e09a3f4 e-con-full e-flex e-con e-child\" data-id=\"3e09a3f4\" data-element_type=\"container\" data-e-type=\"container\">\n\t\t\t\t<div class=\"elementor-element elementor-element-41abc080 elementor-widget elementor-widget-image\" data-id=\"41abc080\" data-element_type=\"widget\" data-e-type=\"widget\" data-widget_type=\"image.default\">\n\t\t\t\t\t\t\t\t\t\t\t\t\t\t\t<img decoding=\"async\" width=\"488\" height=\"486\" src=\"https:\/\/hotel.tribalt.agency\/wp-content\/uploads\/2026\/03\/direction-a-prendre.png\" class=\"attachment-large size-large wp-image-1092\" alt=\"\" srcset=\"https:\/\/hotel.tribalt.agency\/wp-content\/uploads\/2026\/03\/direction-a-prendre.png 488w, https:\/\/hotel.tribalt.agency\/wp-content\/uploads\/2026\/03\/direction-a-prendre-300x300.png 300w, https:\/\/hotel.tribalt.agency\/wp-content\/uploads\/2026\/03\/direction-a-prendre-150x150.png 150w\" sizes=\"(max-width: 488px) 100vw, 488px\" \/>\t\t\t\t\t\t\t\t\t\t\t\t\t\t\t<\/div>\n\t\t\t\t<div class=\"elementor-element elementor-element-2154940 elementor-mobile-align-center elementor-widget elementor-widget-button\" data-id=\"2154940\" data-element_type=\"widget\" data-e-type=\"widget\" data-widget_type=\"button.default\">\n\t\t\t\t\t\t\t\t\t\t<a class=\"elementor-button elementor-button-link elementor-size-sm\" href=\"\">\n\t\t\t\t\t\t<span class=\"elementor-button-content-wrapper\">\n\t\t\t\t\t\t\t\t\t<span class=\"elementor-button-text\">Atr\u00e1s<\/span>\n\t\t\t\t\t<\/span>\n\t\t\t\t\t<\/a>\n\t\t\t\t\t\t\t\t<\/div>\n\t\t\t\t<\/div>\n\t\t<div class=\"elementor-element elementor-element-44ce7a84 e-con-full e-flex e-con e-child\" data-id=\"44ce7a84\" data-element_type=\"container\" data-e-type=\"container\">\n\t\t\t\t<div class=\"elementor-element elementor-element-f4358b6 elementor-widget elementor-widget-text-editor\" data-id=\"f4358b6\" data-element_type=\"widget\" data-e-type=\"widget\" data-widget_type=\"text-editor.default\">\n\t\t\t\t\t\t\t\t\t<p data-start=\"56\" data-end=\"185\"><strong data-start=\"56\" data-end=\"78\">Nuestra direcci\u00f3n:<\/strong> 96 chemin de la Soude, 13009 Marsella<br data-start=\"116\" data-end=\"119\" \/><strong data-start=\"119\" data-end=\"128\">Tel.:<\/strong> +33 (0) 4 91 71 90 22<br data-start=\"150\" data-end=\"153\" \/><strong data-start=\"153\" data-end=\"163\" data-is-only-node=\"\">Email:<\/strong> <a class=\"decorated-link cursor-pointer\" href=\"mailto:contact@hotel96.com\" rel=\"noopener\" data-start=\"164\" data-end=\"183\">contact@hotel96.com<\/a><\/p><p data-start=\"187\" data-end=\"282\">Cerca del pueblo de Mazargues, en el sur de Marsella, entre las calanques de Sormiou y Morgiou.<\/p><p data-start=\"284\" data-end=\"422\" data-is-last-node=\"\" data-is-only-node=\"\">Para llegar al hotel m\u00e1s f\u00e1cilmente, siga los consejos de los locales y descargue el itinerario en PDF del Hotel 96 para dejarse guiar.<\/p>\t\t\t\t\t\t\t\t<\/div>\n\t\t\t\t<div class=\"elementor-element elementor-element-5e5415fb elementor-mobile-align-center elementor-widget elementor-widget-button\" data-id=\"5e5415fb\" data-element_type=\"widget\" data-e-type=\"widget\" data-widget_type=\"button.default\">\n\t\t\t\t\t\t\t\t\t\t<a class=\"elementor-button elementor-button-link elementor-size-sm\" href=\"https:\/\/hotel.tribalt.agency\/wp-content\/uploads\/2026\/03\/hotel96-direction-a-prendre.pdf\" target=\"_blank\">\n\t\t\t\t\t\t<span class=\"elementor-button-content-wrapper\">\n\t\t\t\t\t\t\t\t\t<span class=\"elementor-button-text\">Haz clic aqu\u00ed<\/span>\n\t\t\t\t\t<\/span>\n\t\t\t\t\t<\/a>\n\t\t\t\t\t\t\t\t<\/div>\n\t\t\t\t<\/div>\n\t\t\t\t\t<\/div>\n\t\t\t\t<\/div>\n\t\t\t\t<\/div>\n\t\t","protected":false},"excerpt":{"rendered":"<p>C\u00f3mo llegar Atr\u00e1s Nuestra direcci\u00f3n: 96 chemin de la Soude, 13009 MarsellaTel.: +33 (0) 4 91 71 90 22Email: contact@hotel96.com Cerca del pueblo de Mazargues, en el sur de Marsella, entre las calanques de Sormiou y Morgiou. Para llegar al hotel m\u00e1s f\u00e1cilmente, siga los consejos de los locales y descargue el itinerario en PDF [&hellip;]<\/p>\n","protected":false},"author":1,"featured_media":0,"parent":1940,"menu_order":0,"comment_status":"closed","ping_status":"closed","template":"","meta":{"footnotes":""},"class_list":["post-1975","page","type-page","status-publish","hentry"],"_links":{"self":[{"href":"https:\/\/hotel.tribalt.agency\/index.php\/wp-json\/wp\/v2\/pages\/1975","targetHints":{"allow":["GET"]}}],"collection":[{"href":"https:\/\/hotel.tribalt.agency\/index.php\/wp-json\/wp\/v2\/pages"}],"about":[{"href":"https:\/\/hotel.tribalt.agency\/index.php\/wp-json\/wp\/v2\/types\/page"}],"author":[{"embeddable":true,"href":"https:\/\/hotel.tribalt.agency\/index.php\/wp-json\/wp\/v2\/users\/1"}],"replies":[{"embeddable":true,"href":"https:\/\/hotel.tribalt.agency\/index.php\/wp-json\/wp\/v2\/comments?post=1975"}],"version-history":[{"count":4,"href":"https:\/\/hotel.tribalt.agency\/index.php\/wp-json\/wp\/v2\/pages\/1975\/revisions"}],"predecessor-version":[{"id":1982,"href":"https:\/\/hotel.tribalt.agency\/index.php\/wp-json\/wp\/v2\/pages\/1975\/revisions\/1982"}],"up":[{"embeddable":true,"href":"https:\/\/hotel.tribalt.agency\/index.php\/wp-json\/wp\/v2\/pages\/1940"}],"wp:attachment":[{"href":"https:\/\/hotel.tribalt.agency\/index.php\/wp-json\/wp\/v2\/media?parent=1975"}],"curies":[{"name":"wp","href":"https:\/\/api.w.org\/{rel}","templated":true}]}}